
{"id":125,"date":"2025-06-20T20:28:44","date_gmt":"2025-06-20T18:28:44","guid":{"rendered":"http:\/\/etmlogc.cluster100.hosting.ovh.net\/?page_id=125"},"modified":"2025-06-21T15:13:50","modified_gmt":"2025-06-21T13:13:50","slug":"contact","status":"publish","type":"page","link":"https:\/\/etm-logistics.com\/index.php\/contact\/","title":{"rendered":"Contact"},"content":{"rendered":"\n<h3 class=\"wp-block-heading\">&nbsp;<strong>CONTACTEZ ETM LOGISTICS<\/strong><\/h3>\n\n\n\n<p><em>Votre partenaire en solutions de transport, manutention et levage au S\u00e9n\u00e9gal<\/em>.<\/p>\n\n\n\n<p><strong>NOS COORDONN\u00c9ES<\/strong> :<\/p>\n\n\n\n<p>\ud83c\udfe2 Si\u00e8ge Social :<br>HLM 4, Dakar &#8211; S\u00e9n\u00e9gal<br>(Zone strat\u00e9gique avec acc\u00e8s facilit\u00e9 aux axes routiers et portuaires)<\/p>\n\n\n\n<p>\ud83c\udf10 Site Web : www.etm-logistics.com<br>\u2709\ufe0f Email G\u00e9n\u00e9ral : contact.yade@etm-logistics.com <\/p>\n\n\n\n<p>\u2709\ufe0f Directeur G\u00e9n\u00e9ral : Mbaye YADE<\/p>\n\n\n\n<p>\ud83d\udd52 Horaires : 8h00 &#8211; 18h (GMT)<br>\ud83d\udcf1 T\u00e9l\u00e9phone Principal : (+221) 33 837 96 95<br>\ud83d\udce7 Email : contact@etm-logistics.com<\/p>\n\n\n\n<h3 class=\"wp-block-heading\">\u2705&nbsp;<strong>POURQUOI NOUS CONTACTER ?<\/strong><\/h3>\n\n\n\n<ul class=\"wp-block-list\">\n<li>Devis gratuit sous 4h<\/li>\n\n\n\n<li>Audit logistique sans engagement<\/li>\n\n\n\n<li>Consultation technique gratuite<\/li>\n\n\n\n<li>Demande de formation certifiante<\/li>\n\n\n\n<li>Suivi de commande<\/li>\n<\/ul>\n\n\n\t<div id=\"respond\" class=\"comment-respond wp-block-post-comments-form\">\n\t\t<h3 id=\"reply-title\" class=\"comment-reply-title\">Laisser un commentaire <small><a rel=\"nofollow\" id=\"cancel-comment-reply-link\" href=\"\/index.php\/wp-json\/wp\/v2\/pages\/125#respond\" style=\"display:none;\">Annuler la r\u00e9ponse<\/a><\/small><\/h3><form action=\"https:\/\/etm-logistics.com\/wp-comments-post.php\" method=\"post\" id=\"commentform\" class=\"comment-form\"><p class=\"comment-notes\"><span id=\"email-notes\">Votre adresse e-mail ne sera pas publi\u00e9e.<\/span> <span class=\"required-field-message\">Les champs obligatoires sont indiqu\u00e9s avec <span class=\"required\">*<\/span><\/span><\/p><p class=\"comment-form-comment\"><label for=\"comment\">Commentaire <span class=\"required\">*<\/span><\/label> <textarea id=\"comment\" name=\"comment\" cols=\"45\" rows=\"8\" maxlength=\"65525\" required><\/textarea><\/p><p class=\"comment-form-author\"><label for=\"author\">Nom <span class=\"required\">*<\/span><\/label> <input id=\"author\" name=\"author\" type=\"text\" value=\"\" size=\"30\" maxlength=\"245\" autocomplete=\"name\" required \/><\/p>\n<p class=\"comment-form-email\"><label for=\"email\">E-mail <span class=\"required\">*<\/span><\/label> <input id=\"email\" name=\"email\" type=\"email\" value=\"\" size=\"30\" maxlength=\"100\" aria-describedby=\"email-notes\" autocomplete=\"email\" required \/><\/p>\n<p class=\"comment-form-url\"><label for=\"url\">Site web<\/label> <input id=\"url\" name=\"url\" type=\"url\" value=\"\" size=\"30\" maxlength=\"200\" autocomplete=\"url\" \/><\/p>\n<p class=\"comment-form-cookies-consent\"><input id=\"wp-comment-cookies-consent\" name=\"wp-comment-cookies-consent\" type=\"checkbox\" value=\"yes\" \/> <label for=\"wp-comment-cookies-consent\">Enregistrer mon nom, mon e-mail et mon site dans le navigateur pour mon prochain commentaire.<\/label><\/p>\n<p class=\"form-submit wp-block-button\"><input name=\"submit\" type=\"submit\" id=\"submit\" class=\"wp-block-button__link wp-element-button\" value=\"Laisser un commentaire\" \/> <input type='hidden' name='comment_post_ID' value='125' id='comment_post_ID' \/>\n<input type='hidden' name='comment_parent' id='comment_parent' value='0' \/>\n<\/p><\/form>\t<\/div><!-- #respond -->\n\t\n\n\n<p><\/p>\n","protected":false},"excerpt":{"rendered":"<p>&nbsp;CONTACTEZ ETM LOGISTICS Votre partenaire en solutions de transport, manutention et levage au S\u00e9n\u00e9gal. NOS COORDONN\u00c9ES : \ud83c\udfe2 Si\u00e8ge Social :HLM 4, Dakar &#8211; S\u00e9n\u00e9gal(Zone strat\u00e9gique avec acc\u00e8s facilit\u00e9 aux axes routiers et portuaires) \ud83c\udf10 Site Web : www.etm-logistics.com\u2709\ufe0f Email G\u00e9n\u00e9ral : contact.yade@etm-logistics.com \u2709\ufe0f Directeur G\u00e9n\u00e9ral : Mbaye YADE \ud83d\udd52 Horaires : 8h00 &#8211; 18h [&hellip;]<\/p>\n","protected":false},"author":1,"featured_media":0,"parent":0,"menu_order":0,"comment_status":"open","ping_status":"closed","template":"","meta":{"footnotes":""},"class_list":["post-125","page","type-page","status-publish","hentry"],"_links":{"self":[{"href":"https:\/\/etm-logistics.com\/index.php\/wp-json\/wp\/v2\/pages\/125","targetHints":{"allow":["GET"]}}],"collection":[{"href":"https:\/\/etm-logistics.com\/index.php\/wp-json\/wp\/v2\/pages"}],"about":[{"href":"https:\/\/etm-logistics.com\/index.php\/wp-json\/wp\/v2\/types\/page"}],"author":[{"embeddable":true,"href":"https:\/\/etm-logistics.com\/index.php\/wp-json\/wp\/v2\/users\/1"}],"replies":[{"embeddable":true,"href":"https:\/\/etm-logistics.com\/index.php\/wp-json\/wp\/v2\/comments?post=125"}],"version-history":[{"count":7,"href":"https:\/\/etm-logistics.com\/index.php\/wp-json\/wp\/v2\/pages\/125\/revisions"}],"predecessor-version":[{"id":179,"href":"https:\/\/etm-logistics.com\/index.php\/wp-json\/wp\/v2\/pages\/125\/revisions\/179"}],"wp:attachment":[{"href":"https:\/\/etm-logistics.com\/index.php\/wp-json\/wp\/v2\/media?parent=125"}],"curies":[{"name":"wp","href":"https:\/\/api.w.org\/{rel}","templated":true}]}}