
{"id":119,"date":"2025-06-20T20:27:55","date_gmt":"2025-06-20T18:27:55","guid":{"rendered":"http:\/\/etmlogc.cluster100.hosting.ovh.net\/?page_id=119"},"modified":"2025-06-21T14:35:09","modified_gmt":"2025-06-21T12:35:09","slug":"partenaires","status":"publish","type":"page","link":"https:\/\/etm-logistics.com\/index.php\/partenaires\/","title":{"rendered":"Client &amp; Partenaires"},"content":{"rendered":"\n<blockquote class=\"wp-block-quote is-layout-flow wp-block-quote-is-layout-flow\">\n<p>Nous sommes fiers de collaborer avec des entreprises de premier plan, qui nous font confiance pour les accompagner dans leurs projets les plus ambitieux. Gr\u00e2ce \u00e0 ces partenariats, nous renfor\u00e7ons chaque jour notre expertise dans les secteurs du transport, de la manutention, de la logistique et de l\u2019industrie.<\/p>\n\n\n\n<p>Parmi nos clients et partenaires majeurs :<\/p>\n<\/blockquote>\n\n\n\n<div class=\"wp-block-media-text is-stacked-on-mobile\" style=\"grid-template-columns:25% auto\"><figure class=\"wp-block-media-text__media\"><img loading=\"lazy\" decoding=\"async\" width=\"274\" height=\"184\" src=\"https:\/\/etm-logistics.com\/wp-content\/uploads\/2025\/06\/SENELEC-LOGO2.jpeg\" alt=\"\" class=\"wp-image-164 size-full\"\/><\/figure><div class=\"wp-block-media-text__content\">\n<p class=\"has-text-align-center has-large-font-size\"><\/p>\n\n\n\n<figure class=\"wp-block-gallery has-nested-images columns-default is-cropped wp-block-gallery-1 is-layout-flex wp-block-gallery-is-layout-flex\">\n<figure class=\"wp-block-image size-large is-resized\"><img loading=\"lazy\" decoding=\"async\" width=\"200\" height=\"200\" data-id=\"161\" src=\"https:\/\/etm-logistics.com\/wp-content\/uploads\/2025\/06\/vialogistique-logo.jpeg\" alt=\"\" class=\"wp-image-161\" style=\"width:205px;height:auto\" srcset=\"https:\/\/etm-logistics.com\/wp-content\/uploads\/2025\/06\/vialogistique-logo.jpeg 200w, https:\/\/etm-logistics.com\/wp-content\/uploads\/2025\/06\/vialogistique-logo-150x150.jpeg 150w\" sizes=\"auto, (max-width: 200px) 100vw, 200px\" \/><\/figure>\n\n\n\n<figure class=\"wp-block-image size-large\"><img loading=\"lazy\" decoding=\"async\" width=\"299\" height=\"168\" data-id=\"159\" src=\"https:\/\/etm-logistics.com\/wp-content\/uploads\/2025\/06\/erium-logo.png\" alt=\"\" class=\"wp-image-159\"\/><\/figure>\n<\/figure>\n<\/div><\/div>\n\n\n\n<div class=\"wp-block-media-text is-stacked-on-mobile\" style=\"grid-template-columns:25% auto\"><figure class=\"wp-block-media-text__media\"><img loading=\"lazy\" decoding=\"async\" width=\"308\" height=\"164\" src=\"http:\/\/etm-logistics.com\/wp-content\/uploads\/2025\/06\/larochette-logo.png\" alt=\"\" class=\"wp-image-160 size-full\" srcset=\"https:\/\/etm-logistics.com\/wp-content\/uploads\/2025\/06\/larochette-logo.png 308w, https:\/\/etm-logistics.com\/wp-content\/uploads\/2025\/06\/larochette-logo-300x160.png 300w\" sizes=\"auto, (max-width: 308px) 100vw, 308px\" \/><\/figure><div class=\"wp-block-media-text__content\">\n<p class=\"has-text-align-center has-large-font-size\"><\/p>\n\n\n\n<figure class=\"wp-block-gallery has-nested-images columns-default is-cropped wp-block-gallery-2 is-layout-flex wp-block-gallery-is-layout-flex\">\n<figure class=\"wp-block-image size-full is-resized\"><img loading=\"lazy\" decoding=\"async\" width=\"275\" height=\"183\" data-id=\"158\" src=\"http:\/\/etm-logistics.com\/wp-content\/uploads\/2025\/06\/Eiffage-logo.png\" alt=\"\" class=\"wp-image-158\" style=\"width:205px;height:auto\"\/><\/figure>\n\n\n\n<figure class=\"wp-block-image size-full\"><img loading=\"lazy\" decoding=\"async\" width=\"225\" height=\"225\" data-id=\"157\" src=\"http:\/\/etm-logistics.com\/wp-content\/uploads\/2025\/06\/CSTT\u2011AO-LOGO.png\" alt=\"\" class=\"wp-image-157\" srcset=\"https:\/\/etm-logistics.com\/wp-content\/uploads\/2025\/06\/CSTT\u2011AO-LOGO.png 225w, https:\/\/etm-logistics.com\/wp-content\/uploads\/2025\/06\/CSTT\u2011AO-LOGO-150x150.png 150w\" sizes=\"auto, (max-width: 225px) 100vw, 225px\" \/><\/figure>\n<\/figure>\n<\/div><\/div>\n\n\n\n<p><\/p>\n","protected":false},"excerpt":{"rendered":"<p>Nous sommes fiers de collaborer avec des entreprises de premier plan, qui nous font confiance pour les accompagner dans leurs projets les plus ambitieux. Gr\u00e2ce \u00e0 ces partenariats, nous renfor\u00e7ons chaque jour notre expertise dans les secteurs du transport, de la manutention, de la logistique et de l\u2019industrie. Parmi nos clients et partenaires majeurs :<\/p>\n","protected":false},"author":1,"featured_media":0,"parent":0,"menu_order":0,"comment_status":"closed","ping_status":"closed","template":"","meta":{"footnotes":""},"class_list":["post-119","page","type-page","status-publish","hentry"],"_links":{"self":[{"href":"https:\/\/etm-logistics.com\/index.php\/wp-json\/wp\/v2\/pages\/119","targetHints":{"allow":["GET"]}}],"collection":[{"href":"https:\/\/etm-logistics.com\/index.php\/wp-json\/wp\/v2\/pages"}],"about":[{"href":"https:\/\/etm-logistics.com\/index.php\/wp-json\/wp\/v2\/types\/page"}],"author":[{"embeddable":true,"href":"https:\/\/etm-logistics.com\/index.php\/wp-json\/wp\/v2\/users\/1"}],"replies":[{"embeddable":true,"href":"https:\/\/etm-logistics.com\/index.php\/wp-json\/wp\/v2\/comments?post=119"}],"version-history":[{"count":11,"href":"https:\/\/etm-logistics.com\/index.php\/wp-json\/wp\/v2\/pages\/119\/revisions"}],"predecessor-version":[{"id":167,"href":"https:\/\/etm-logistics.com\/index.php\/wp-json\/wp\/v2\/pages\/119\/revisions\/167"}],"wp:attachment":[{"href":"https:\/\/etm-logistics.com\/index.php\/wp-json\/wp\/v2\/media?parent=119"}],"curies":[{"name":"wp","href":"https:\/\/api.w.org\/{rel}","templated":true}]}}