
{"id":115,"date":"2025-06-20T20:27:09","date_gmt":"2025-06-20T18:27:09","guid":{"rendered":"http:\/\/etmlogc.cluster100.hosting.ovh.net\/?page_id=115"},"modified":"2025-06-21T15:20:15","modified_gmt":"2025-06-21T13:20:15","slug":"societe","status":"publish","type":"page","link":"https:\/\/etm-logistics.com\/index.php\/societe\/","title":{"rendered":"L&rsquo;entreprise"},"content":{"rendered":"\n<h2 class=\"wp-block-heading\">ETM LOGISTICS<\/h2>\n\n\n\n<p><strong>S\u00e9curit\u00e9 \u2013 Confidentialit\u00e9 \u2013 Professionnalisme<\/strong><\/p>\n\n\n\n<p>ETM LOGISTICS, une entreprise de Transport &amp; manutention, vous garantit la s\u00e9curit\u00e9 la confidentialit\u00e9, le professionnalisme l\u2019exp\u00e9rience et la performance<\/p>\n\n\n\n<hr class=\"wp-block-separator has-alpha-channel-opacity\"\/>\n\n\n\n<p><strong>ETM LOGISTICS<\/strong>, bas\u00e9e \u00e0&nbsp;<strong>Dakar<\/strong>, HLM 4, S\u00e9n\u00e9gal, est une&nbsp;<strong>entreprise sp\u00e9cialis\u00e9e dans le grutage et le transport exceptionnel<\/strong>. Fond\u00e9e par un groupe d\u2019experts et plac\u00e9e sous la coupole de son&nbsp;<strong>Directeur G\u00e9n\u00e9ral, M. Mbaye<\/strong>&nbsp;<strong>YADE<\/strong>, l\u2019entreprise met un point d\u2019honneur \u00e0 garantir la s\u00e9curit\u00e9, la confidentialit\u00e9 et le professionnalisme dans tous ses services. Gr\u00e2ce \u00e0 une \u00e9quipe exp\u00e9riment\u00e9e pilot\u00e9e par des experts du secteur et une performance reconnue, ETM LOGISTICS s\u2019impose comme le choix privil\u00e9gi\u00e9 pour les clients recherchant des solutions de levage et d\u2019assistance en manutention fiables, efficaces et s\u00e9curis\u00e9es.<\/p>\n\n\n<figure class=\"wp-block-post-featured-image\"><img loading=\"lazy\" decoding=\"async\" width=\"1536\" height=\"1024\" src=\"https:\/\/etm-logistics.com\/wp-content\/uploads\/2025\/06\/servives2.png\" class=\"attachment-post-thumbnail size-post-thumbnail wp-post-image\" alt=\"\" style=\"object-fit:cover;\" srcset=\"https:\/\/etm-logistics.com\/wp-content\/uploads\/2025\/06\/servives2.png 1536w, https:\/\/etm-logistics.com\/wp-content\/uploads\/2025\/06\/servives2-300x200.png 300w, https:\/\/etm-logistics.com\/wp-content\/uploads\/2025\/06\/servives2-1024x683.png 1024w, https:\/\/etm-logistics.com\/wp-content\/uploads\/2025\/06\/servives2-768x512.png 768w\" sizes=\"auto, (max-width: 1536px) 100vw, 1536px\" \/><\/figure>","protected":false},"excerpt":{"rendered":"<p>ETM LOGISTICS S\u00e9curit\u00e9 \u2013 Confidentialit\u00e9 \u2013 Professionnalisme ETM LOGISTICS, une entreprise de Transport &amp; manutention, vous garantit la s\u00e9curit\u00e9 la confidentialit\u00e9, le professionnalisme l\u2019exp\u00e9rience et la performance ETM LOGISTICS, bas\u00e9e \u00e0&nbsp;Dakar, HLM 4, S\u00e9n\u00e9gal, est une&nbsp;entreprise sp\u00e9cialis\u00e9e dans le grutage et le transport exceptionnel. Fond\u00e9e par un groupe d\u2019experts et plac\u00e9e sous la coupole de [&hellip;]<\/p>\n","protected":false},"author":1,"featured_media":141,"parent":0,"menu_order":0,"comment_status":"closed","ping_status":"closed","template":"","meta":{"footnotes":""},"class_list":["post-115","page","type-page","status-publish","has-post-thumbnail","hentry"],"_links":{"self":[{"href":"https:\/\/etm-logistics.com\/index.php\/wp-json\/wp\/v2\/pages\/115","targetHints":{"allow":["GET"]}}],"collection":[{"href":"https:\/\/etm-logistics.com\/index.php\/wp-json\/wp\/v2\/pages"}],"about":[{"href":"https:\/\/etm-logistics.com\/index.php\/wp-json\/wp\/v2\/types\/page"}],"author":[{"embeddable":true,"href":"https:\/\/etm-logistics.com\/index.php\/wp-json\/wp\/v2\/users\/1"}],"replies":[{"embeddable":true,"href":"https:\/\/etm-logistics.com\/index.php\/wp-json\/wp\/v2\/comments?post=115"}],"version-history":[{"count":4,"href":"https:\/\/etm-logistics.com\/index.php\/wp-json\/wp\/v2\/pages\/115\/revisions"}],"predecessor-version":[{"id":183,"href":"https:\/\/etm-logistics.com\/index.php\/wp-json\/wp\/v2\/pages\/115\/revisions\/183"}],"wp:featuredmedia":[{"embeddable":true,"href":"https:\/\/etm-logistics.com\/index.php\/wp-json\/wp\/v2\/media\/141"}],"wp:attachment":[{"href":"https:\/\/etm-logistics.com\/index.php\/wp-json\/wp\/v2\/media?parent=115"}],"curies":[{"name":"wp","href":"https:\/\/api.w.org\/{rel}","templated":true}]}}