
{"id":113,"date":"2025-06-20T20:26:42","date_gmt":"2025-06-20T18:26:42","guid":{"rendered":"http:\/\/etmlogc.cluster100.hosting.ovh.net\/?page_id=113"},"modified":"2025-06-21T14:42:40","modified_gmt":"2025-06-21T12:42:40","slug":"services","status":"publish","type":"page","link":"https:\/\/etm-logistics.com\/index.php\/services\/","title":{"rendered":"Services et catalogue"},"content":{"rendered":"\n<div class=\"wp-block-group alignfull is-layout-constrained wp-block-group-is-layout-constrained\">\n<div class=\"wp-block-group alignwide is-layout-constrained wp-block-group-is-layout-constrained\">\n<div class=\"wp-block-media-text alignwide has-media-on-the-right is-stacked-on-mobile is-vertically-aligned-top has-background\" style=\"background-color:#f1f5c7;grid-template-columns:auto 49%\"><div class=\"wp-block-media-text__content\">\n<div class=\"wp-block-group is-layout-flow wp-block-group-is-layout-flow\" style=\"padding-top:2em;padding-right:2em;padding-bottom:2em;padding-left:2em\">\n<p style=\"font-size:36px;line-height:1.2\"><strong>ETM LOGISTICS<\/strong>, entreprise de transport &amp; manutention<\/p>\n\n\n\n<p class=\"has-extra-small-font-size\">Avec une \u00e9quipe exp\u00e9riment\u00e9e et une performance reconnue, <strong>ETM LOGISTICS<\/strong> est le choix privil\u00e9gi\u00e9<br>pour les clients recherchant des solutions de <strong>levage <\/strong>, <strong>d&rsquo;assistance <\/strong>en <strong>manutention, de grutage <\/strong>et de <strong>transport sp\u00e9cialis\u00e9 <\/strong>fiables et efficaces.<\/p>\n\n\n\n<pre class=\"wp-block-verse\"><strong>1. TRANSPORT SP\u00c9CIALIS\u00c9<\/strong><br><em>Solutions sur mesure pour le convoyage s\u00e9curis\u00e9 de vos marchandises<\/em><br><strong>Transport de conteneurs<\/strong>&nbsp;(maritimes, a\u00e9riens, terrestres)<br><strong>Transport exceptionnel<\/strong>&nbsp;(convois sp\u00e9ciaux et d\u00e9rogations)<br><strong>Messagerie de colis lourds<\/strong>&nbsp;(poids et volumes complexes)<br><strong>Convoyage de machines et \u00e9quipements techniques<\/strong><br><strong>Transport sur mesure<\/strong>&nbsp;: Camions plateaux, porte-chars et v\u00e9hicules adapt\u00e9s.<br><strong>2. MANUTENTION INDUSTRIELLE<\/strong><br><em>Pr\u00e9cision et efficacit\u00e9 pour la gestion de vos flux<\/em><br>Manutention compl\u00e8te de&nbsp;<strong>colis lourds<\/strong>&nbsp;et volumineux.<br>Chargement\/D\u00e9chargement s\u00e9curis\u00e9 (tous types de marchandises).<br>Installation et&nbsp;<strong>mise en place pr\u00e9cise de machines-outils<\/strong>&nbsp;et \u00e9quipements.<br>Assistance technique sur site.<br><strong>3. LEVAGE &amp; GRUTAGE<\/strong><br><em>Expertise technique et \u00e9quipements de pointe pour les op\u00e9rations sensibles<\/em><br>Levage de charges lourdes avec :<br>Grues mobiles (25 \u00e0 500 tonnes)<br>Camions-grues<br>Nacelles \u00e9l\u00e9vatrices<br><strong>\u00c9tudes de plans de levage<\/strong>&nbsp;et conseil en ing\u00e9nierie.<br>Reconnaissance de site et assistance technique.<br><strong>4. LOCATION D'\u00c9QUIPEMENTS<\/strong><br><em>Mat\u00e9riels performants adapt\u00e9s \u00e0 vos besoins<\/em><br><strong>Grues mobiles<\/strong>&nbsp;(25T \u2192 500T)<br><strong>Chariots \u00e9l\u00e9vateurs<\/strong>&nbsp;(2T \u2192 32T)<br>Camions-grues et nacelles.<br>Solutions court ou long terme avec maintenance incluse.<br><strong>5. SERVICES CONNEXES &amp; EXPERTISE<\/strong><br><em>Pour une cha\u00eene logistique optimis\u00e9e<\/em><br><strong>Formation certifiante<\/strong>&nbsp;: Grutiers et conducteurs de chariots \u00e9l\u00e9vateurs.<br>Conseil en logistique industrielle et gestion de projet.<br>Audit et optimisation de vos flux de manutention.<br><br><strong>POURQUOI NOUS CHOISIR ?<\/strong><br>\u2705&nbsp;<strong>Parc mat\u00e9riel complet<\/strong>&nbsp;(des grues 25T aux 500T)<br>\u2705&nbsp;<strong>\u00c9quipes qualifi\u00e9es<\/strong>&nbsp;(grutiers, chauffeurs, manutentionnaires certifi\u00e9s)<br>\u2705&nbsp;<strong>Gestion cl\u00e9 en main<\/strong>&nbsp;: Du plan de levage \u00e0 la livraison<br>\u2705&nbsp;<strong>S\u00e9curit\u00e9 absolue<\/strong>&nbsp;: Normes EPI strictes et assurances adapt\u00e9es<br><br><strong>Pr\u00eat \u00e0 optimiser votre cha\u00eene logistique ?<\/strong><br>\u27a1\ufe0f&nbsp;<em>Contactez ETM Logistics pour un audit personnalis\u00e9 de vos besoins.<\/em><br><\/pre>\n\n\n\n<p><\/p>\n<\/div>\n<\/div><figure class=\"wp-block-media-text__media\"><img loading=\"lazy\" decoding=\"async\" width=\"1024\" height=\"683\" src=\"http:\/\/etm-logistics.com\/wp-content\/uploads\/2025\/06\/servives2-1024x683.png\" alt=\"\" class=\"wp-image-141 size-full\" srcset=\"https:\/\/etm-logistics.com\/wp-content\/uploads\/2025\/06\/servives2-1024x683.png 1024w, https:\/\/etm-logistics.com\/wp-content\/uploads\/2025\/06\/servives2-300x200.png 300w, https:\/\/etm-logistics.com\/wp-content\/uploads\/2025\/06\/servives2-768x512.png 768w, https:\/\/etm-logistics.com\/wp-content\/uploads\/2025\/06\/servives2.png 1536w\" sizes=\"auto, (max-width: 1024px) 100vw, 1024px\" \/><\/figure><\/div>\n<\/div>\n<\/div>\n","protected":false},"excerpt":{"rendered":"<p>ETM LOGISTICS, entreprise de transport &amp; manutention Avec une \u00e9quipe exp\u00e9riment\u00e9e et une performance reconnue, ETM LOGISTICS est le choix privil\u00e9gi\u00e9pour les clients recherchant des solutions de levage , d&rsquo;assistance en manutention, de grutage et de transport sp\u00e9cialis\u00e9 fiables et efficaces. 1. TRANSPORT SP\u00c9CIALIS\u00c9Solutions sur mesure pour le convoyage s\u00e9curis\u00e9 de vos marchandisesTransport de conteneurs&nbsp;(maritimes, [&hellip;]<\/p>\n","protected":false},"author":1,"featured_media":0,"parent":0,"menu_order":0,"comment_status":"closed","ping_status":"closed","template":"","meta":{"footnotes":""},"class_list":["post-113","page","type-page","status-publish","hentry"],"_links":{"self":[{"href":"https:\/\/etm-logistics.com\/index.php\/wp-json\/wp\/v2\/pages\/113","targetHints":{"allow":["GET"]}}],"collection":[{"href":"https:\/\/etm-logistics.com\/index.php\/wp-json\/wp\/v2\/pages"}],"about":[{"href":"https:\/\/etm-logistics.com\/index.php\/wp-json\/wp\/v2\/types\/page"}],"author":[{"embeddable":true,"href":"https:\/\/etm-logistics.com\/index.php\/wp-json\/wp\/v2\/users\/1"}],"replies":[{"embeddable":true,"href":"https:\/\/etm-logistics.com\/index.php\/wp-json\/wp\/v2\/comments?post=113"}],"version-history":[{"count":13,"href":"https:\/\/etm-logistics.com\/index.php\/wp-json\/wp\/v2\/pages\/113\/revisions"}],"predecessor-version":[{"id":168,"href":"https:\/\/etm-logistics.com\/index.php\/wp-json\/wp\/v2\/pages\/113\/revisions\/168"}],"wp:attachment":[{"href":"https:\/\/etm-logistics.com\/index.php\/wp-json\/wp\/v2\/media?parent=113"}],"curies":[{"name":"wp","href":"https:\/\/api.w.org\/{rel}","templated":true}]}}